{"id":22,"date":"2020-05-21T16:06:13","date_gmt":"2020-05-21T16:06:13","guid":{"rendered":"http:\/\/hall-und-echo.eu\/?page_id=22"},"modified":"2021-10-04T12:25:41","modified_gmt":"2021-10-04T12:25:41","slug":"impressum","status":"publish","type":"page","link":"https:\/\/hall-und-echo.eu\/?page_id=22","title":{"rendered":"Impressum"},"content":{"rendered":"\n<p>Hall + Echo <\/p>\n\n\n\n<p>Susanne Marmetschke &amp; Matthias Reimann GbR<\/p>\n\n\n\n<p>Hangsteinstrasse 2a<\/p>\n\n\n\n<p>32760 Detmold<\/p>\n\n\n\n<p>Telefon 05231 9101717<\/p>\n\n\n\n<p>e-mail info(at)hall-und-echo.eu<\/p>\n\n\n\n<p>Inhaltlich Verantwortliche gem. \u00a7 10 Absatz 3 MDStV: Susanne Marmetschke und Matthias Reimann<\/p>\n\n\n\n<p><br><strong>Haftungshinweis:<\/strong>&nbsp;Trotz sorgf\u00e4ltiger inhaltlicher Kontrolle \u00fcbernehmen wir keine Haftung f\u00fcr die Inhalte externer Links. F\u00fcr den Inhalt der verlinkten Seiten sind ausschliesslich deren Betreiber verantwortlich. Es gelten die Vorschriften des deutschen Urheberrechts in seiner jeweiligen Fassung.&nbsp;<\/p>\n\n\n\n<p><strong><br>Datenschutzerkl\u00e4rung<\/strong> Hall + Echo &#8211; Susanne Marmetschke und Matthias Reimann GbR<br>Ihre Daten werden im Rahmen der gesetzlichen Vorgaben gesch\u00fctzt. Nachfolgend finden Sie Informationen, welche Daten w\u00e4hrend Ihres Besuchs auf der Internetseite erfasst, und wie diese genutzt werden:<\/p>\n\n\n\n<ol class=\"wp-block-list\"><li>Erhebung und Verarbeitung von Daten<br>In Verbindung mit Ihrem Zugriff auf dieses Internetangebot und bei jedem Abruf einer Datei werden Daten \u00fcber diesen Vorgang in einer Protokolldatei gespeichert und verarbeitet.<br>Im Einzelnen werden \u00fcber jeden Zugriff\/Abruf folgende Daten gespeichert:<br>\u2022 Name der abgerufenen Datei,<br>\u2022 Datum und Uhrzeit des Abrufs,<br>\u2022 \u00fcbertragene Datenmenge,<br>\u2022 Meldung, ob der Abruf erfolgreich war,<br>\u2022 IP-Adresse des anfragenden Rechners,<br>\u2022 Webbrowser<br>Diese Daten werden ausschlie\u00dflich zur Optimierung des Internetangebotes und f\u00fcr statistische Zwecke ausgewertet. Personenbezogene Daten werden von uns nur in dem Umfang verarbeitet und nur so lange gespeichert, wie es f\u00fcr den jeweiligen Zweck, zu dem die Daten erhoben wurden, erforderlich ist.\u00a0<\/li><li>Beitr\u00e4ge auf dieser Website k\u00f6nnen eingebettete Inhalte beinhalten (z.\u00a0B. Videos, Bilder, Beitr\u00e4ge etc.).Eingebettete externe InhalteEingebettete Inhalte von anderen Websites verhalten sich exakt so, als ob der Besucher die andere Website besucht h\u00e4tte.\u00a0Diese Websites k\u00f6nnen Daten \u00fcber dich sammeln, Cookies benutzen, zus\u00e4tzliche Tracking-Dienste von Dritten einbetten und deine Interaktion mit diesem eingebetteten Inhalt aufzeichnen, inklusive deiner Interaktion mit dem eingebetteten Inhalt, falls du ein Konto hast und auf dieser Website angemeldet bist.<\/li><li>Weitergabe personenbezogener Daten<br>Daten, die beim Zugriff auf das Internetangebot von Hall + Echo GbR protokolliert worden sind, werden an Dritte nur \u00fcbermittelt, soweit die Weitergabe im Falle von Angriffen auf die Internetinfrastruktur von Hall + Echo GbR zur Rechts- und Strafverfolgung erforderlich ist. Eine Weitergabe zu anderen, nichtkommerziellen oder zu kommerziellen Zwecken erfolgt nicht. Soweit Sie uns personenbezogene Daten zur Verf\u00fcgung gestellt haben, behandeln wir diese Daten vertraulich. Ihre Daten werden von uns an Dritte nur weitergegeben, wenn Sie zuvor ausdr\u00fccklich eingewilligt haben. Sie k\u00f6nnen eine erteilte Einwilligung jederzeit mit Wirkung f\u00fcr die Zukunft widerrufen. Die L\u00f6schung der gespeicherten personenbezogenen Daten erfolgt, wenn ihre Kenntnis zur Erf\u00fcllung des mit der Speicherung verfolgten Zwecks nicht mehr erforderlich ist oder Sie Ihre Einwilligung zur Speicherung widerrufen.<\/li><li>Einsatz von Cookies<br>Beim Aufruf einzelner Seiten kommen sogenannte Cookies zum Einsatz. Cookies sind kleine Textdateien, die auf Ihrem Rechner abgelegt werden und die Ihr Browser speichert. Diese Cookies enthalten keine personenbezogenen Daten, sondern lediglich eine Session-ID. Diese Session-ID wird f\u00fcr die Kommunikation zwischen Ihrem Rechner und unserem Web-Server verwendet. Die meisten Browser sind so eingestellt, dass sie Cookies automatisch akzeptieren. Sie k\u00f6nnen das Speichern von Cookies jedoch deaktivieren oder Ihren Browser so einstellen, dass Cookies nur f\u00fcr die Dauer der jeweiligen Verbindung zum Internet gespeichert werden. Techniken, wie zum Beispiel Java-Applets oder Active-X-Controls, die es erm\u00f6glichen, das Zugriffsverhalten der Nutzer nachzuvollziehen, werden nicht eingesetzt.<\/li><li>Links zu Internetseiten anderer Unternehmen<br>Unser Internet-Auftritt enth\u00e4lt Links zu Internetseiten anderer Unternehmen. Wir haben keinen Einfluss darauf, dass diese Unternehmen die Datenschutzbestimmungen einhalten.<\/li><li>Auskunftsrecht<br>Als Nutzer des von Hall + Echo GbR bereitgestellten Internetangebotes haben Sie das Recht, Auskunft \u00fcber Art und Umfang der bei Ihrem Besuch auf der Internetseite zu Ihrer Person gespeicherten Daten zu erhalten. Auskunft \u00fcber die gespeicherten Daten gibt es unter <a href=\"mailto:info@hall-und-echo.eu\">info@hall-und-echo.eu<\/a><\/li><li>Weitere Informationen<br>Bei Fragen und Anregungen zu dieser Datenschutzerkl\u00e4rung sowie f\u00fcr weitere Informationen in Bezug auf die Behandlung von personenbezogenen Daten bei Hall + Echo GbR wenden Sie Sich bitte ebenfalls an <a href=\"mailto:info@hall-und-echo.eu\">info@hall-und-echo.eu<\/a><\/li><li>Kommunikation per E-Mail<br>Wir weisen darauf hin, dass die Kommunikation per E-Mail Sicherheitsl\u00fccken aufweisen kann. E-Mails k\u00f6nnen von versierten Internet-Nutzern aufgehalten und eingesehen werden. Bei der Kommunikation per E-Mail kann die vollst\u00e4ndige Datensicherheit von uns daher nicht gew\u00e4hrleistet werden. Sollte Hall + Echo GbR eine E-Mail von Ihnen erhalten, so wird davon ausgegangen, dass wir auch zu einer Beantwortung per E-Mail berechtigt sind. Ansonsten bitten wir Sie, eine andere Form der Kommunikation (z. B. \u00fcber den Postweg) in Betracht zu ziehen.<\/li><li>\u00dcbermittlungen in Drittl\u00e4nder<br>Sofern wir Daten in einem Drittland (d.h. au\u00dferhalb der Europ\u00e4ischen Union (EU) oder des Europ\u00e4ischen Wirtschaftsraums (EWR)) verarbeiten oder dies im Rahmen der Inanspruchnahme von Diensten Dritter oder Offenlegung, bzw. \u00dcbermittlung von Daten an Dritte geschieht, erfolgt dies nur, wenn es zur Erf\u00fcllung unserer (vor)vertraglichen Pflichten, auf Grundlage Ihrer Einwilligung, aufgrund einer rechtlichen Verpflichtung oder auf Grundlage unserer berechtigten Interessen geschieht. Vorbehaltlich gesetzlicher oder vertraglicher Erlaubnisse, verarbeiten oder lassen wir die Daten in einem Drittland nur beim Vorliegen der besonderen Voraussetzungen der Art. 44 ff. DSGVO verarbeiten. D.h. die Verarbeitung erfolgt z.B. auf Grundlage besonderer Garantien, wie der offiziell anerkannten Feststellung eines der EU entsprechenden Datenschutzniveaus (z.B. f\u00fcr die USA durch das \u201ePrivacy Shield\u201c) oder Beachtung offiziell anerkannter spezieller vertraglicher Verpflichtungen (so genannte \u201eStandardvertragsklauseln\u201c).<\/li><li>Hosting<br>Die von uns in Anspruch genommenen Hosting-Leistungen dienen der Zurverf\u00fcgungstellung der folgenden Leistungen: Infrastruktur- und Plattformdienstleistungen, Rechenkapazit\u00e4t, Speicherplatz und Datenbankdienste, Sicherheitsleistungen sowie technische Wartungsleistungen, die wir zum Zwecke des Betriebs dieses Onlineangebotes einsetzen. Hierbei verarbeiten wir, bzw. unser Hostinganbieter Bestandsdaten, Kontaktdaten, Inhaltsdaten, Vertragsdaten, Nutzungsdaten, Meta- und Kommunikationsdaten von Kunden, Interessenten und Besuchern dieses Onlineangebotes auf Grundlage unserer berechtigten Interessen an einer effizienten und sicheren Zurverf\u00fcgungstellung dieses Onlineangebotes gem. Art. 6 Abs. 1 lit. f DSGVO i.V.m. Art. 28 DSGVO (Abschluss Auftragsverarbeitungsvertrag).<\/li><li>Newsletter<br>Mit den nachfolgenden Hinweisen informieren wir Sie \u00fcber die Inhalte unseres Newsletters sowie das Anmelde-, Versand- und das statistische Auswertungsverfahren sowie Ihre Widerspruchsrechte. Indem Sie unseren Newsletter nicht abbestellen, erkl\u00e4ren Sie sich mit dem Empfang und den beschriebenen Verfahren einverstanden. Wir versenden Newsletter, E-Mails und weitere elektronische Benachrichtigungen mit werblichen Informationen (nachfolgend \u201eNewsletter\u201c) nur bei Tolerierung der Empf\u00e4nger oder einer gesetzlichen Erlaubnis. Unsere Newsletter enthalten aktuelle Informationen zu Veranstaltungen der Hall + Echo GbR. \u00c4nderungen Ihrer bei dem Versanddienstleister gespeicherten Daten werden protokolliert. Unser Interesse richtet sich auf den Einsatz eines nutzerfreundlichen sowie sicheren Newslettersystems, das sowohl unseren gesch\u00e4ftlichen Interessen dient, als auch den Erwartungen der Nutzer entspricht. K\u00fcndigung\/Widerruf \u2013 Sie k\u00f6nnen den Empfang unseres Newsletters jederzeit k\u00fcndigen, d.h. Ihre Einwilligungen widerrufen. Einen Link zur K\u00fcndigung des Newsletters finden Sie am Ende eines jeden Newsletters. Wir k\u00f6nnen die ausgetragenen E-Mailadressen bis zu drei Jahren auf Grundlage unserer berechtigten Interessen speichern bevor wir sie f\u00fcr Zwecke des Newsletterversandes l\u00f6schen. Die Verarbeitung dieser Daten wird auf den Zweck einer m\u00f6glichen Abwehr von Anspr\u00fcchen beschr\u00e4nkt. Ein individueller L\u00f6schungsantrag ist jederzeit m\u00f6glich.<\/li><\/ol>\n","protected":false},"excerpt":{"rendered":"<p>Hall + Echo Susanne Marmetschke &amp; Matthias Reimann GbR Hangsteinstrasse 2a 32760 Detmold Telefon 05231 9101717 e-mail info(at)hall-und-echo.eu Inhaltlich Verantwortliche gem. \u00a7 10 Absatz 3 MDStV: Susanne Marmetschke und Matthias Reimann Haftungshinweis:&nbsp;Trotz sorgf\u00e4ltiger inhaltlicher Kontrolle \u00fcbernehmen wir keine Haftung f\u00fcr die Inhalte externer Links. F\u00fcr den Inhalt der verlinkten Seiten sind ausschliesslich deren Betreiber verantwortlich. &hellip; <\/p>\n<p class=\"link-more\"><a href=\"https:\/\/hall-und-echo.eu\/?page_id=22\" class=\"more-link\"><span class=\"screen-reader-text\">\u201eImpressum\u201c<\/span> weiterlesen<\/a><\/p>\n","protected":false},"author":1,"featured_media":0,"parent":0,"menu_order":0,"comment_status":"closed","ping_status":"closed","template":"","meta":{"footnotes":""},"class_list":["post-22","page","type-page","status-publish","hentry"],"_links":{"self":[{"href":"https:\/\/hall-und-echo.eu\/index.php?rest_route=\/wp\/v2\/pages\/22","targetHints":{"allow":["GET"]}}],"collection":[{"href":"https:\/\/hall-und-echo.eu\/index.php?rest_route=\/wp\/v2\/pages"}],"about":[{"href":"https:\/\/hall-und-echo.eu\/index.php?rest_route=\/wp\/v2\/types\/page"}],"author":[{"embeddable":true,"href":"https:\/\/hall-und-echo.eu\/index.php?rest_route=\/wp\/v2\/users\/1"}],"replies":[{"embeddable":true,"href":"https:\/\/hall-und-echo.eu\/index.php?rest_route=%2Fwp%2Fv2%2Fcomments&post=22"}],"version-history":[{"count":7,"href":"https:\/\/hall-und-echo.eu\/index.php?rest_route=\/wp\/v2\/pages\/22\/revisions"}],"predecessor-version":[{"id":253,"href":"https:\/\/hall-und-echo.eu\/index.php?rest_route=\/wp\/v2\/pages\/22\/revisions\/253"}],"wp:attachment":[{"href":"https:\/\/hall-und-echo.eu\/index.php?rest_route=%2Fwp%2Fv2%2Fmedia&parent=22"}],"curies":[{"name":"wp","href":"https:\/\/api.w.org\/{rel}","templated":true}]}}