{"id":25,"date":"2020-05-21T16:07:53","date_gmt":"2020-05-21T16:07:53","guid":{"rendered":"http:\/\/hall-und-echo.eu\/?page_id=25"},"modified":"2021-02-05T14:47:21","modified_gmt":"2021-02-05T14:47:21","slug":"wer-sind-wir","status":"publish","type":"page","link":"https:\/\/hall-und-echo.eu\/?page_id=25","title":{"rendered":"Wer sind wir?"},"content":{"rendered":"\n<p><strong>Der Hall und Echo Musikverlag<\/strong><\/p>\n\n\n\n<p>Liebe zur Musik, die Bereitschaft, sich mit Administration zu besch\u00e4ftigen und die F\u00e4higkeit, das Chaos zu jonglieren. <\/p>\n\n\n\n<p>Nachdem wir uns eine ganze Weile  als Bassistin und Schlagzeuger unserer eigenen musikalischen Projekte mit den organisatorischen Belangen einer Band herumgeschlagen haben, und nach jahrzehntelanger Besch\u00e4ftigung im besten Musikverlag Deutschlands wollen wir das, was wir dabei gelernt haben, weiterf\u00fchren und ausbauen. <\/p>\n\n\n\n<p>Netzwerke weben und darin den richtigen Strang f\u00fcr jeden Urheber und jede Komposition zu finden, das streben wir an.<\/p>\n\n\n\n<figure class=\"wp-block-gallery columns-2 is-cropped wp-block-gallery-1 is-layout-flex wp-block-gallery-is-layout-flex\"><ul class=\"blocks-gallery-grid\"><li class=\"blocks-gallery-item\"><figure><img loading=\"lazy\" decoding=\"async\" width=\"225\" height=\"300\" src=\"https:\/\/hall-und-echo.eu\/wp-content\/uploads\/2021\/02\/Zuzie-225x300.jpg\" alt=\"\" data-id=\"127\" data-full-url=\"https:\/\/hall-und-echo.eu\/wp-content\/uploads\/2021\/02\/Zuzie-scaled.jpg\" data-link=\"https:\/\/hall-und-echo.eu\/?attachment_id=127\" class=\"wp-image-127\" srcset=\"https:\/\/hall-und-echo.eu\/wp-content\/uploads\/2021\/02\/Zuzie-225x300.jpg 225w, https:\/\/hall-und-echo.eu\/wp-content\/uploads\/2021\/02\/Zuzie-768x1024.jpg 768w, https:\/\/hall-und-echo.eu\/wp-content\/uploads\/2021\/02\/Zuzie-1152x1536.jpg 1152w, https:\/\/hall-und-echo.eu\/wp-content\/uploads\/2021\/02\/Zuzie-1536x2048.jpg 1536w, https:\/\/hall-und-echo.eu\/wp-content\/uploads\/2021\/02\/Zuzie-scaled.jpg 1920w\" sizes=\"auto, (max-width: 225px) 100vw, 225px\" \/><\/figure><\/li><li class=\"blocks-gallery-item\"><figure><img loading=\"lazy\" decoding=\"async\" width=\"216\" height=\"300\" src=\"https:\/\/hall-und-echo.eu\/wp-content\/uploads\/2021\/02\/MatthisReimann-216x300.jpg\" alt=\"\" data-id=\"124\" data-full-url=\"https:\/\/hall-und-echo.eu\/wp-content\/uploads\/2021\/02\/MatthisReimann.jpg\" data-link=\"https:\/\/hall-und-echo.eu\/?attachment_id=124\" class=\"wp-image-124\" srcset=\"https:\/\/hall-und-echo.eu\/wp-content\/uploads\/2021\/02\/MatthisReimann-216x300.jpg 216w, https:\/\/hall-und-echo.eu\/wp-content\/uploads\/2021\/02\/MatthisReimann.jpg 737w\" sizes=\"auto, (max-width: 216px) 100vw, 216px\" \/><\/figure><\/li><\/ul><\/figure>\n\n\n\n<p><strong>Was sonst noch?<\/strong><\/p>\n\n\n\n<p>Musik will erlebt werden &#8211; sei es auf dem Plattenteller oder sonstigen Konservenger\u00e4ten. Am tiefsten ber\u00fchrt sie jedoch, wenn sie LIVE gespielt wird. Daf\u00fcr haben wir mit einem Freund das seit 2014 j\u00e4hrlich stattfindende <a rel=\"noreferrer noopener\" href=\"http:\/\/www.owls-n-bats.net\" data-type=\"URL\" data-id=\"http:\/\/www.owls-n-bats.net\" target=\"_blank\">Owls &#8217;n&#8216; Bats Festival<\/a> ins Leben gerufen. <\/p>\n\n\n\n<figure class=\"wp-block-gallery columns-2 is-cropped wp-block-gallery-2 is-layout-flex wp-block-gallery-is-layout-flex\"><ul class=\"blocks-gallery-grid\"><li class=\"blocks-gallery-item\"><figure><img loading=\"lazy\" decoding=\"async\" width=\"768\" height=\"1024\" src=\"https:\/\/hall-und-echo.eu\/wp-content\/uploads\/2021\/02\/PNG-Bild_katze-768x1024.png\" alt=\"\" data-id=\"126\" data-full-url=\"https:\/\/hall-und-echo.eu\/wp-content\/uploads\/2021\/02\/PNG-Bild_katze.png\" data-link=\"https:\/\/hall-und-echo.eu\/?attachment_id=126\" class=\"wp-image-126\" srcset=\"https:\/\/hall-und-echo.eu\/wp-content\/uploads\/2021\/02\/PNG-Bild_katze-768x1024.png 768w, https:\/\/hall-und-echo.eu\/wp-content\/uploads\/2021\/02\/PNG-Bild_katze-225x300.png 225w, https:\/\/hall-und-echo.eu\/wp-content\/uploads\/2021\/02\/PNG-Bild_katze.png 1152w\" sizes=\"auto, (max-width: 767px) 89vw, (max-width: 1000px) 54vw, (max-width: 1071px) 543px, 580px\" \/><\/figure><\/li><li class=\"blocks-gallery-item\"><figure><img loading=\"lazy\" decoding=\"async\" width=\"768\" height=\"1024\" src=\"https:\/\/hall-und-echo.eu\/wp-content\/uploads\/2021\/02\/PNG-Bild-768x1024.png\" alt=\"\" data-id=\"125\" data-full-url=\"https:\/\/hall-und-echo.eu\/wp-content\/uploads\/2021\/02\/PNG-Bild.png\" data-link=\"https:\/\/hall-und-echo.eu\/?attachment_id=125\" class=\"wp-image-125\" srcset=\"https:\/\/hall-und-echo.eu\/wp-content\/uploads\/2021\/02\/PNG-Bild-768x1024.png 768w, https:\/\/hall-und-echo.eu\/wp-content\/uploads\/2021\/02\/PNG-Bild-225x300.png 225w, https:\/\/hall-und-echo.eu\/wp-content\/uploads\/2021\/02\/PNG-Bild.png 1152w\" sizes=\"auto, (max-width: 767px) 89vw, (max-width: 1000px) 54vw, (max-width: 1071px) 543px, 580px\" \/><\/figure><\/li><\/ul><\/figure>\n\n\n\n<p><strong>Das Hall und Echo Label<\/strong><\/p>\n\n\n\n<p>Das Label befindet sich noch im Aufbau. Mehr dazu zu einem sp\u00e4teren Zeitpunkt.<\/p>\n\n\n\n<figure class=\"wp-block-image size-large\"><img loading=\"lazy\" decoding=\"async\" width=\"1024\" height=\"510\" src=\"https:\/\/hall-und-echo.eu\/wp-content\/uploads\/2021\/02\/Platten-1024x510.jpg\" alt=\"\" class=\"wp-image-128\" srcset=\"https:\/\/hall-und-echo.eu\/wp-content\/uploads\/2021\/02\/Platten-1024x510.jpg 1024w, https:\/\/hall-und-echo.eu\/wp-content\/uploads\/2021\/02\/Platten-300x149.jpg 300w, https:\/\/hall-und-echo.eu\/wp-content\/uploads\/2021\/02\/Platten-768x383.jpg 768w, https:\/\/hall-und-echo.eu\/wp-content\/uploads\/2021\/02\/Platten-1536x765.jpg 1536w, https:\/\/hall-und-echo.eu\/wp-content\/uploads\/2021\/02\/Platten-2048x1021.jpg 2048w\" sizes=\"auto, (max-width: 767px) 89vw, (max-width: 1000px) 54vw, (max-width: 1071px) 543px, 580px\" \/><\/figure>\n\n\n\n<p><\/p>\n","protected":false},"excerpt":{"rendered":"<p>Der Hall und Echo Musikverlag Liebe zur Musik, die Bereitschaft, sich mit Administration zu besch\u00e4ftigen und die F\u00e4higkeit, das Chaos zu jonglieren. Nachdem wir uns eine ganze Weile als Bassistin und Schlagzeuger unserer eigenen musikalischen Projekte mit den organisatorischen Belangen einer Band herumgeschlagen haben, und nach jahrzehntelanger Besch\u00e4ftigung im besten Musikverlag Deutschlands wollen wir das, &hellip; <\/p>\n<p class=\"link-more\"><a href=\"https:\/\/hall-und-echo.eu\/?page_id=25\" class=\"more-link\"><span class=\"screen-reader-text\">\u201eWer sind wir?\u201c<\/span> weiterlesen<\/a><\/p>\n","protected":false},"author":1,"featured_media":0,"parent":0,"menu_order":0,"comment_status":"closed","ping_status":"closed","template":"","meta":{"footnotes":""},"class_list":["post-25","page","type-page","status-publish","hentry"],"_links":{"self":[{"href":"https:\/\/hall-und-echo.eu\/index.php?rest_route=\/wp\/v2\/pages\/25","targetHints":{"allow":["GET"]}}],"collection":[{"href":"https:\/\/hall-und-echo.eu\/index.php?rest_route=\/wp\/v2\/pages"}],"about":[{"href":"https:\/\/hall-und-echo.eu\/index.php?rest_route=\/wp\/v2\/types\/page"}],"author":[{"embeddable":true,"href":"https:\/\/hall-und-echo.eu\/index.php?rest_route=\/wp\/v2\/users\/1"}],"replies":[{"embeddable":true,"href":"https:\/\/hall-und-echo.eu\/index.php?rest_route=%2Fwp%2Fv2%2Fcomments&post=25"}],"version-history":[{"count":22,"href":"https:\/\/hall-und-echo.eu\/index.php?rest_route=\/wp\/v2\/pages\/25\/revisions"}],"predecessor-version":[{"id":142,"href":"https:\/\/hall-und-echo.eu\/index.php?rest_route=\/wp\/v2\/pages\/25\/revisions\/142"}],"wp:attachment":[{"href":"https:\/\/hall-und-echo.eu\/index.php?rest_route=%2Fwp%2Fv2%2Fmedia&parent=25"}],"curies":[{"name":"wp","href":"https:\/\/api.w.org\/{rel}","templated":true}]}}